{"id":64,"date":"2021-01-16T14:22:09","date_gmt":"2021-01-16T14:22:09","guid":{"rendered":"http:\/\/vanzutphentotcastricum.nl\/?page_id=64"},"modified":"2022-10-05T07:39:28","modified_gmt":"2022-10-05T07:39:28","slug":"grote-zaal","status":"publish","type":"page","link":"https:\/\/vanzutphentotcastricum.nl\/?page_id=64","title":{"rendered":"Kleine zaalproductie"},"content":{"rendered":"<p><u>Kleine Zaal productie:<\/u><\/p>\n<p>Bij de kleine zaalproductie pakken Saskia en Andr\u00e9 in 3 uur de gewenste probleemzone aan. Dit staat gelijk aan 6 uur organiseren omdat ze als duo acteren. Een uur v\u00f3\u00f3r en een uur n\u00e1 het bezoek is gereserveerd voor voorbereiding\/reizen en afvoer van overtollige spullen\/reizen. Dit arrangement is inclusief lekkers bij de koffie en een lunch in de pauze. <br \/>Reiskosten \u20ac 0,25 per km.<\/p>\n<p><a href=\"https:\/\/vanzutphentotcastricum.nl\/?page_id=194\"><img loading=\"lazy\" decoding=\"async\" class=\"aligncenter wp-image-299 size-full\" src=\"https:\/\/vanzutphentotcastricum.nl\/wp-content\/uploads\/2021\/02\/IMG_0310-b-glitter.jpg\" alt=\"\" width=\"358\" height=\"640\" srcset=\"https:\/\/vanzutphentotcastricum.nl\/wp-content\/uploads\/2021\/02\/IMG_0310-b-glitter.jpg 358w, https:\/\/vanzutphentotcastricum.nl\/wp-content\/uploads\/2021\/02\/IMG_0310-b-glitter-168x300.jpg 168w\" sizes=\"auto, (max-width: 358px) 100vw, 358px\" \/><\/a><\/p>\n\n\n<p><\/p>\n","protected":false},"excerpt":{"rendered":"<p>Kleine Zaal productie: Bij de kleine zaalproductie pakken Saskia en Andr\u00e9 in 3 uur de gewenste probleemzone aan. Dit staat gelijk aan 6 uur organiseren &hellip;<\/p>\n","protected":false},"author":1,"featured_media":0,"parent":0,"menu_order":0,"comment_status":"closed","ping_status":"closed","template":"","meta":{"sfsi_plus_gutenberg_text_before_share":"","sfsi_plus_gutenberg_show_text_before_share":"","sfsi_plus_gutenberg_icon_type":"","sfsi_plus_gutenberg_icon_alignemt":"","sfsi_plus_gutenburg_max_per_row":"","_glsr_average":0,"_glsr_ranking":0,"_glsr_reviews":0,"footnotes":""},"class_list":["post-64","page","type-page","status-publish","hentry"],"_links":{"self":[{"href":"https:\/\/vanzutphentotcastricum.nl\/index.php?rest_route=\/wp\/v2\/pages\/64","targetHints":{"allow":["GET"]}}],"collection":[{"href":"https:\/\/vanzutphentotcastricum.nl\/index.php?rest_route=\/wp\/v2\/pages"}],"about":[{"href":"https:\/\/vanzutphentotcastricum.nl\/index.php?rest_route=\/wp\/v2\/types\/page"}],"author":[{"embeddable":true,"href":"https:\/\/vanzutphentotcastricum.nl\/index.php?rest_route=\/wp\/v2\/users\/1"}],"replies":[{"embeddable":true,"href":"https:\/\/vanzutphentotcastricum.nl\/index.php?rest_route=%2Fwp%2Fv2%2Fcomments&post=64"}],"version-history":[{"count":27,"href":"https:\/\/vanzutphentotcastricum.nl\/index.php?rest_route=\/wp\/v2\/pages\/64\/revisions"}],"predecessor-version":[{"id":518,"href":"https:\/\/vanzutphentotcastricum.nl\/index.php?rest_route=\/wp\/v2\/pages\/64\/revisions\/518"}],"wp:attachment":[{"href":"https:\/\/vanzutphentotcastricum.nl\/index.php?rest_route=%2Fwp%2Fv2%2Fmedia&parent=64"}],"curies":[{"name":"wp","href":"https:\/\/api.w.org\/{rel}","templated":true}]}}